{"id":771,"date":"2020-10-12T17:24:42","date_gmt":"2020-10-12T17:24:42","guid":{"rendered":"http:\/\/www.cycadgroup.org\/?page_id=771"},"modified":"2020-10-12T18:18:07","modified_gmt":"2020-10-12T18:18:07","slug":"proceedings-of-cycad-2015-2","status":"publish","type":"page","link":"https:\/\/www.cycadgroup.org\/?page_id=771","title":{"rendered":"Proceedings of Cycad 2015"},"content":{"rendered":"<p><a href=\"http:\/\/www.cycadgroup.org\/wp-content\/uploads\/2020\/10\/Promo.jpg\"><img loading=\"lazy\" decoding=\"async\" class=\"alignnone size-large wp-image-764\" src=\"http:\/\/www.cycadgroup.org\/wp-content\/uploads\/2020\/10\/Promo-1024x509.jpg\" alt=\"\" width=\"660\" height=\"328\" srcset=\"https:\/\/www.cycadgroup.org\/wp-content\/uploads\/2020\/10\/Promo-1024x509.jpg 1024w, https:\/\/www.cycadgroup.org\/wp-content\/uploads\/2020\/10\/Promo-300x149.jpg 300w, https:\/\/www.cycadgroup.org\/wp-content\/uploads\/2020\/10\/Promo-768x382.jpg 768w, https:\/\/www.cycadgroup.org\/wp-content\/uploads\/2020\/10\/Promo-1536x764.jpg 1536w, https:\/\/www.cycadgroup.org\/wp-content\/uploads\/2020\/10\/Promo.jpg 2048w\" sizes=\"auto, (max-width: 660px) 100vw, 660px\" \/><\/a><\/p>\n<p>This volume provides a record of the important findings of the <a href=\"http:\/\/www.cycadgroup.org\/?page_id=709\"><strong><em>10th international Cycad Conference <\/em><\/strong><\/a>in Colombia, and includes the <em>Medell\u00edn Cycad Declaration<\/em>, 6 chapters based on work presented at the conference, and an updated <em>World List of Cycads:<\/em><\/p>\n<p style=\"padding-left: 80px; text-align: left;\">DECLARACI\u00d3N DE LOS PARTICIPANTES DE &#8220;CYCAD 2015&#8221; X CONFERENCIA INTERNACIONAL DE BIOLOG\u00cdA DE CYDADAS 16-21 de Agosto, Medell\u00edn (COLOMBIA)<\/p>\n<p style=\"padding-left: 80px;\">Cycads, Maize, and Garfish: Ethnoecological Systems in Formative Period Mesoamerican Art.<\/p>\n<p style=\"padding-left: 80px;\">New roads in, <em>Zamia<\/em> species out: the case for Isthmian Cycads.<\/p>\n<p style=\"padding-left: 80px;\">Chromosome architecture drives cycad evolution.<\/p>\n<p style=\"padding-left: 80px;\">Cycad anatomy: Old techniques solving new problems.<\/p>\n<p style=\"padding-left: 80px;\"><em>Eumaeus godartii<\/em> butterfly: Pest friend or foe?<\/p>\n<p style=\"padding-left: 80px;\">Taxonomic status of the <em>Cycas pectinata<\/em> complex.<\/p>\n<p style=\"padding-left: 80px;\">The World List of Cycads.<\/p>\n<p>A limited number of hardcover copies are available through the support of <a href=\"https:\/\/www.montgomerybotanical.org\/\">Montgomery Botanical Center<\/a>. Details will be forthcoming.<\/p>\n<p style=\"text-align: center;\"><a href=\"http:\/\/www.cycadgroup.org\/?attachment_id=766\">View or Download Volume<\/a><\/p>\n<blockquote class=\"wp-embedded-content\" data-secret=\"GSx5pl15P4\"><p><a href=\"https:\/\/www.cycadgroup.org\/?attachment_id=766\">Proceedings of Cycad 2015<\/a><\/p><\/blockquote>\n<p><iframe loading=\"lazy\" class=\"wp-embedded-content\" sandbox=\"allow-scripts\" security=\"restricted\" style=\"position: absolute; visibility: hidden;\" title=\"&#8220;Proceedings of Cycad 2015&#8221; &#8212; IUCN \/ SSC Cycad Specialist Group\" src=\"https:\/\/www.cycadgroup.org\/?attachment_id=766&#038;embed=true#?secret=XQgztFXUCA#?secret=GSx5pl15P4\" data-secret=\"GSx5pl15P4\" width=\"600\" height=\"338\" frameborder=\"0\" marginwidth=\"0\" marginheight=\"0\" scrolling=\"no\"><\/iframe><\/p>\n<p>&nbsp;<\/p>\n","protected":false},"excerpt":{"rendered":"<p>This volume provides a record of the important findings of the 10th international Cycad Conference in Colombia, and includes the Medell\u00edn Cycad Declaration, 6 chapters based on work presented at the conference, and an updated World List of Cycads: DECLARACI\u00d3N DE LOS PARTICIPANTES DE &#8220;CYCAD 2015&#8221; X CONFERENCIA INTERNACIONAL DE BIOLOG\u00cdA DE CYDADAS 16-21 de &hellip; <a href=\"https:\/\/www.cycadgroup.org\/?page_id=771\" class=\"more-link\">Continue reading <span class=\"screen-reader-text\">Proceedings of Cycad 2015<\/span><\/a><\/p>\n","protected":false},"author":2,"featured_media":0,"parent":0,"menu_order":0,"comment_status":"closed","ping_status":"closed","template":"","meta":{"_acf_changed":false,"ngg_post_thumbnail":0,"footnotes":""},"class_list":["post-771","page","type-page","status-publish","hentry"],"acf":[],"jetpack_sharing_enabled":true,"_links":{"self":[{"href":"https:\/\/www.cycadgroup.org\/index.php?rest_route=\/wp\/v2\/pages\/771","targetHints":{"allow":["GET"]}}],"collection":[{"href":"https:\/\/www.cycadgroup.org\/index.php?rest_route=\/wp\/v2\/pages"}],"about":[{"href":"https:\/\/www.cycadgroup.org\/index.php?rest_route=\/wp\/v2\/types\/page"}],"author":[{"embeddable":true,"href":"https:\/\/www.cycadgroup.org\/index.php?rest_route=\/wp\/v2\/users\/2"}],"replies":[{"embeddable":true,"href":"https:\/\/www.cycadgroup.org\/index.php?rest_route=%2Fwp%2Fv2%2Fcomments&post=771"}],"version-history":[{"count":2,"href":"https:\/\/www.cycadgroup.org\/index.php?rest_route=\/wp\/v2\/pages\/771\/revisions"}],"predecessor-version":[{"id":776,"href":"https:\/\/www.cycadgroup.org\/index.php?rest_route=\/wp\/v2\/pages\/771\/revisions\/776"}],"wp:attachment":[{"href":"https:\/\/www.cycadgroup.org\/index.php?rest_route=%2Fwp%2Fv2%2Fmedia&parent=771"}],"curies":[{"name":"wp","href":"https:\/\/api.w.org\/{rel}","templated":true}]}}